{"id":98,"date":"2017-07-13T16:50:33","date_gmt":"2017-07-13T16:50:33","guid":{"rendered":"http:\/\/develop.name\/wykresy\/?page_id=98"},"modified":"2018-01-19T10:42:37","modified_gmt":"2018-01-19T10:42:37","slug":"scieki-i-odpady","status":"publish","type":"page","link":"https:\/\/csr2016.pcc-exol.eu\/en\/wplyw-na-srodowisko\/scieki-i-odpady\/","title":{"rendered":"\u015acieki i Odpady"},"content":{"rendered":"<p style=\"text-align: justify;\">Nasza gospodarka \u015bciekowa opiera si\u0119 na dzia\u0142aniach, kt\u00f3re nie prowadz\u0105 do pogorszenia stanu ekologicznego w\u00f3d i\u00a0ekosystem\u00f3w zale\u017cnych od przedsi\u0119biorstwa. Procesy produkcyjne zwi\u0105zane z\u00a0nasz\u0105 dzia\u0142alno\u015bci\u0105 generuj\u0105 m.in. \u015bcieki przemys\u0142owe oraz wod\u0119 poch\u0142odnicz\u0105. W\u00a0obszarach administracyjnych powstaj\u0105 \u015bcieki socjalno-bytowe, kt\u00f3re stanowi\u0105 13% ca\u0142ej ilo\u015bci wytwarzanych \u015bciek\u00f3w.<\/p>\n","protected":false},"excerpt":{"rendered":"<p>Nasza gospodarka \u015bciekowa opiera si\u0119 na dzia\u0142aniach, kt\u00f3re nie prowadz\u0105 do pogorszenia stanu ekologicznego w\u00f3d i\u00a0ekosystem\u00f3w zale\u017cnych od przedsi\u0119biorstwa. Procesy produkcyjne zwi\u0105zane z\u00a0nasz\u0105 dzia\u0142alno\u015bci\u0105 generuj\u0105 m.in. \u015bcieki przemys\u0142owe oraz wod\u0119 poch\u0142odnicz\u0105. W\u00a0obszarach administracyjnych powstaj\u0105 \u015bcieki socjalno-bytowe, kt\u00f3re stanowi\u0105 13% ca\u0142ej ilo\u015bci wytwarzanych \u015bciek\u00f3w.<\/p>\n","protected":false},"author":1,"featured_media":0,"parent":88,"menu_order":260,"comment_status":"closed","ping_status":"closed","template":"","meta":[],"_links":{"self":[{"href":"https:\/\/csr2016.pcc-exol.eu\/en\/wp-json\/wp\/v2\/pages\/98"}],"collection":[{"href":"https:\/\/csr2016.pcc-exol.eu\/en\/wp-json\/wp\/v2\/pages"}],"about":[{"href":"https:\/\/csr2016.pcc-exol.eu\/en\/wp-json\/wp\/v2\/types\/page"}],"author":[{"embeddable":true,"href":"https:\/\/csr2016.pcc-exol.eu\/en\/wp-json\/wp\/v2\/users\/1"}],"replies":[{"embeddable":true,"href":"https:\/\/csr2016.pcc-exol.eu\/en\/wp-json\/wp\/v2\/comments?post=98"}],"version-history":[{"count":0,"href":"https:\/\/csr2016.pcc-exol.eu\/en\/wp-json\/wp\/v2\/pages\/98\/revisions"}],"up":[{"embeddable":true,"href":"https:\/\/csr2016.pcc-exol.eu\/en\/wp-json\/wp\/v2\/pages\/88"}],"wp:attachment":[{"href":"https:\/\/csr2016.pcc-exol.eu\/en\/wp-json\/wp\/v2\/media?parent=98"}],"curies":[{"name":"wp","href":"https:\/\/api.w.org\/{rel}","templated":true}]}}