{"id":84,"date":"2017-07-13T16:47:56","date_gmt":"2017-07-13T16:47:56","guid":{"rendered":"http:\/\/develop.name\/wykresy\/?page_id=84"},"modified":"2017-12-04T09:48:33","modified_gmt":"2017-12-04T09:48:33","slug":"polityka-antykorupcyjna","status":"publish","type":"page","link":"https:\/\/csr2016.pcc-exol.eu\/en\/etyka-w-spolce\/polityka-antykorupcyjna\/","title":{"rendered":"Polityka Antykorupcyjna"},"content":{"rendered":"<p>Dokumentem podkre\u015blaj\u0105cym wpisane do Kodeksu Post\u0119powania w PCC EXOL SA, zasady i warto\u015bci w obszarze zapobiegania korupcji jest wdro\u017cona przez Zarz\u0105d i opublikowana Polityka Antykorupcyjna. Okre\u015bla ona szereg zasad zwi\u0105zanych z\u00a0przeciwdzia\u0142aniem korupcji oraz \u0142amaniem prawa, uj\u0119tych w\u00a04 podstawowych zagadnieniach:<\/p>\n<ul>\n<li>Zakaz post\u0119powania korupcyjnego<\/li>\n<li>Zasady przyjmowania upomink\u00f3w, us\u0142ug lub innych przejaw\u00f3w grzeczno\u015bci<\/li>\n<li>Zasady wr\u0119czania upomink\u00f3w, us\u0142ug lub innych przejaw\u00f3w grzeczno\u015bci<\/li>\n<li>Konflikt interes\u00f3w<\/li>\n<\/ul>\n<p>Polityka Antykorupcyjna funkcjonuje jako dokument wprowadzony w Sp\u00f3\u0142ce Uchwa\u0142\u0105 Zarz\u0105du i obowi\u0105zuje wszystkich pracownik\u00f3w Sp\u00f3\u0142ki w obu lokalizacjach.<\/p>\n<blockquote><p>W 2016 roku nie odnotowali\u015bmy \u017cadnego dzia\u0142ania korupcyjnego oraz nie toczy\u0142a si\u0119 przeciwko Sp\u00f3\u0142ce \u017cadna sprawa s\u0105dowa dotycz\u0105ca korupcji.<\/p><\/blockquote>\n<h3>NASZE ZOBOWI\u0104ZANIA<\/h3>\n<p>D\u0105\u017cymy do tego, aby utrzyma\u0107 braki przypadk\u00f3w dzia\u0142a\u0144 korupcyjnych w kolejnych latach.<\/p>\n","protected":false},"excerpt":{"rendered":"<p>Dokumentem podkre\u015blaj\u0105cym wpisane do Kodeksu Post\u0119powania w PCC EXOL SA, zasady i warto\u015bci w obszarze zapobiegania korupcji jest wdro\u017cona przez Zarz\u0105d i opublikowana Polityka Antykorupcyjna. Okre\u015bla ona szereg zasad zwi\u0105zanych z\u00a0przeciwdzia\u0142aniem korupcji oraz \u0142amaniem prawa, uj\u0119tych w\u00a04 podstawowych zagadnieniach: Zakaz post\u0119powania korupcyjnego Zasady przyjmowania upomink\u00f3w, us\u0142ug lub innych przejaw\u00f3w grzeczno\u015bci Zasady wr\u0119czania upomink\u00f3w, us\u0142ug lub [&hellip;]<\/p>\n","protected":false},"author":1,"featured_media":0,"parent":80,"menu_order":190,"comment_status":"closed","ping_status":"closed","template":"","meta":[],"_links":{"self":[{"href":"https:\/\/csr2016.pcc-exol.eu\/en\/wp-json\/wp\/v2\/pages\/84"}],"collection":[{"href":"https:\/\/csr2016.pcc-exol.eu\/en\/wp-json\/wp\/v2\/pages"}],"about":[{"href":"https:\/\/csr2016.pcc-exol.eu\/en\/wp-json\/wp\/v2\/types\/page"}],"author":[{"embeddable":true,"href":"https:\/\/csr2016.pcc-exol.eu\/en\/wp-json\/wp\/v2\/users\/1"}],"replies":[{"embeddable":true,"href":"https:\/\/csr2016.pcc-exol.eu\/en\/wp-json\/wp\/v2\/comments?post=84"}],"version-history":[{"count":0,"href":"https:\/\/csr2016.pcc-exol.eu\/en\/wp-json\/wp\/v2\/pages\/84\/revisions"}],"up":[{"embeddable":true,"href":"https:\/\/csr2016.pcc-exol.eu\/en\/wp-json\/wp\/v2\/pages\/80"}],"wp:attachment":[{"href":"https:\/\/csr2016.pcc-exol.eu\/en\/wp-json\/wp\/v2\/media?parent=84"}],"curies":[{"name":"wp","href":"https:\/\/api.w.org\/{rel}","templated":true}]}}