{"id":50,"date":"2017-07-13T15:05:29","date_gmt":"2017-07-13T15:05:29","guid":{"rendered":"http:\/\/develop.name\/wykresy\/?page_id=50"},"modified":"2017-12-01T08:21:57","modified_gmt":"2017-12-01T08:21:57","slug":"czlonkowstwo-w-organizacjach","status":"publish","type":"page","link":"https:\/\/csr2016.pcc-exol.eu\/en\/o-nas\/czlonkowstwo-w-organizacjach\/","title":{"rendered":"Cz\u0142onkostwo w organizacjach"},"content":{"rendered":"<p>Udzia\u0142 w\u00a0krajowych i\u00a0mi\u0119dzynarodowych inicjatywach oraz cz\u0142onkostwo w organizacjach dzia\u0142aj\u0105cych na rzecz zr\u00f3wnowa\u017conego rozwoju, jest dla nas nobilitacj\u0105 i\u00a0motywacj\u0105 do wdra\u017cania dobrych praktyk w\u00a0zakresie odpowiedzialnego zarz\u0105dzania nasz\u0105 organizacj\u0105.<\/p>\n<blockquote><p>Jako czo\u0142owy producent surfaktant\u00f3w w\u00a0Polsce, nale\u017cymy do wielu mi\u0119dzynarodowych organizacji i stowarzysze\u0144, kt\u00f3re zrzeszaj\u0105 najwi\u0119ksze firmy chemiczne na ca\u0142ym \u015bwiecie.<\/p><\/blockquote>\n","protected":false},"excerpt":{"rendered":"<p>Udzia\u0142 w\u00a0krajowych i\u00a0mi\u0119dzynarodowych inicjatywach oraz cz\u0142onkostwo w organizacjach dzia\u0142aj\u0105cych na rzecz zr\u00f3wnowa\u017conego rozwoju, jest dla nas nobilitacj\u0105 i\u00a0motywacj\u0105 do wdra\u017cania dobrych praktyk w\u00a0zakresie odpowiedzialnego zarz\u0105dzania nasz\u0105 organizacj\u0105. Jako czo\u0142owy producent surfaktant\u00f3w w\u00a0Polsce, nale\u017cymy do wielu mi\u0119dzynarodowych organizacji i stowarzysze\u0144, kt\u00f3re zrzeszaj\u0105 najwi\u0119ksze firmy chemiczne na ca\u0142ym \u015bwiecie.<\/p>\n","protected":false},"author":1,"featured_media":0,"parent":40,"menu_order":50,"comment_status":"closed","ping_status":"closed","template":"","meta":[],"_links":{"self":[{"href":"https:\/\/csr2016.pcc-exol.eu\/en\/wp-json\/wp\/v2\/pages\/50"}],"collection":[{"href":"https:\/\/csr2016.pcc-exol.eu\/en\/wp-json\/wp\/v2\/pages"}],"about":[{"href":"https:\/\/csr2016.pcc-exol.eu\/en\/wp-json\/wp\/v2\/types\/page"}],"author":[{"embeddable":true,"href":"https:\/\/csr2016.pcc-exol.eu\/en\/wp-json\/wp\/v2\/users\/1"}],"replies":[{"embeddable":true,"href":"https:\/\/csr2016.pcc-exol.eu\/en\/wp-json\/wp\/v2\/comments?post=50"}],"version-history":[{"count":0,"href":"https:\/\/csr2016.pcc-exol.eu\/en\/wp-json\/wp\/v2\/pages\/50\/revisions"}],"up":[{"embeddable":true,"href":"https:\/\/csr2016.pcc-exol.eu\/en\/wp-json\/wp\/v2\/pages\/40"}],"wp:attachment":[{"href":"https:\/\/csr2016.pcc-exol.eu\/en\/wp-json\/wp\/v2\/media?parent=50"}],"curies":[{"name":"wp","href":"https:\/\/api.w.org\/{rel}","templated":true}]}}