{"id":48,"date":"2017-07-13T15:04:59","date_gmt":"2017-07-13T15:04:59","guid":{"rendered":"http:\/\/develop.name\/wykresy\/?page_id=48"},"modified":"2018-01-16T14:05:35","modified_gmt":"2018-01-16T14:05:35","slug":"pcc-exol-sa-na-swiecie","status":"publish","type":"page","link":"https:\/\/csr2016.pcc-exol.eu\/en\/o-nas\/pcc-exol-sa-na-swiecie\/","title":{"rendered":"PCC EXOL SA na \u015bwiecie"},"content":{"rendered":"<h3>GRUPA KAPITA\u0141OWA PCC SE<\/h3>\n<p style=\"text-align: justify;\">Nale\u017cymy do mi\u0119dzynarodowej Grupy Kapita\u0142owej PCC SE, kt\u00f3rej \u0142\u0105czne przychody ze sprzeda\u017cy w\u00a02016 roku wynios\u0142y 571, 7 mln \u20ac*. Siedzib\u0105 PCC SE jest miasto\u00a0Duisburg-Homberg w\u00a0Niemczech, gdzie z\u00a0poziomu centrali ustalana jest og\u00f3lna strategia dla wszystkich Sp\u00f3\u0142ek w strukturze Grupy Kapita\u0142owej. Podejmuj\u0105c odpowiednie decyzje inwestycyjne, PCC SE stwarza warunki do dynamicznego rozwoju podmiot\u00f3w wchodz\u0105cych w\u00a0sk\u0142ad Grupy Kapita\u0142owej.<\/p>\n<pre>*dane na postawie pierwszego skonsolidowanego sprawozdania finansowego<\/pre>\n","protected":false},"excerpt":{"rendered":"<p>GRUPA KAPITA\u0141OWA PCC SE Nale\u017cymy do mi\u0119dzynarodowej Grupy Kapita\u0142owej PCC SE, kt\u00f3rej \u0142\u0105czne przychody ze sprzeda\u017cy w\u00a02016 roku wynios\u0142y 571, 7 mln \u20ac*. Siedzib\u0105 PCC SE jest miasto\u00a0Duisburg-Homberg w\u00a0Niemczech, gdzie z\u00a0poziomu centrali ustalana jest og\u00f3lna strategia dla wszystkich Sp\u00f3\u0142ek w strukturze Grupy Kapita\u0142owej. Podejmuj\u0105c odpowiednie decyzje inwestycyjne, PCC SE stwarza warunki do dynamicznego rozwoju podmiot\u00f3w [&hellip;]<\/p>\n","protected":false},"author":1,"featured_media":0,"parent":40,"menu_order":40,"comment_status":"closed","ping_status":"closed","template":"","meta":[],"_links":{"self":[{"href":"https:\/\/csr2016.pcc-exol.eu\/en\/wp-json\/wp\/v2\/pages\/48"}],"collection":[{"href":"https:\/\/csr2016.pcc-exol.eu\/en\/wp-json\/wp\/v2\/pages"}],"about":[{"href":"https:\/\/csr2016.pcc-exol.eu\/en\/wp-json\/wp\/v2\/types\/page"}],"author":[{"embeddable":true,"href":"https:\/\/csr2016.pcc-exol.eu\/en\/wp-json\/wp\/v2\/users\/1"}],"replies":[{"embeddable":true,"href":"https:\/\/csr2016.pcc-exol.eu\/en\/wp-json\/wp\/v2\/comments?post=48"}],"version-history":[{"count":0,"href":"https:\/\/csr2016.pcc-exol.eu\/en\/wp-json\/wp\/v2\/pages\/48\/revisions"}],"up":[{"embeddable":true,"href":"https:\/\/csr2016.pcc-exol.eu\/en\/wp-json\/wp\/v2\/pages\/40"}],"wp:attachment":[{"href":"https:\/\/csr2016.pcc-exol.eu\/en\/wp-json\/wp\/v2\/media?parent=48"}],"curies":[{"name":"wp","href":"https:\/\/api.w.org\/{rel}","templated":true}]}}