{"id":44,"date":"2017-07-13T15:03:39","date_gmt":"2017-07-13T15:03:39","guid":{"rendered":"http:\/\/develop.name\/wykresy\/?page_id=44"},"modified":"2018-01-10T09:00:56","modified_gmt":"2018-01-10T09:00:56","slug":"kim-jestesmy","status":"publish","type":"page","link":"https:\/\/csr2016.pcc-exol.eu\/en\/o-nas\/kim-jestesmy\/","title":{"rendered":"Kim jeste\u015bmy"},"content":{"rendered":"<p style=\"text-align: justify;\">B\u0119d\u0105c Sp\u00f3\u0142k\u0105 zaawansowan\u0105 technologicznie, PCC EXOL SA koncentruje si\u0119 na dzia\u0142aniach stale zmierzaj\u0105cych do zwi\u0119kszania udzia\u0142u surfaktant\u00f3w specjalistycznych w\u00a0portfolio produktowym, a tym samym w przychodach ze sprzeda\u017cy. Sp\u00f3\u0142ka konsekwentnie realizuje za\u0142o\u017cenia d\u0142ugoterminowej strategii, zwi\u0105zanej z\u00a0utrzymaniem pozycji lidera na rynkach Europy Wschodniej i\u00a0\u015arodkowo Wschodniej. R\u00f3wnie skutecznie intensyfikuje swoje dzia\u0142ania na rynkach Europy Zachodniej, Ameryki i\u00a0Azji.<\/p>\n","protected":false},"excerpt":{"rendered":"<p>B\u0119d\u0105c Sp\u00f3\u0142k\u0105 zaawansowan\u0105 technologicznie, PCC EXOL SA koncentruje si\u0119 na dzia\u0142aniach stale zmierzaj\u0105cych do zwi\u0119kszania udzia\u0142u surfaktant\u00f3w specjalistycznych w\u00a0portfolio produktowym, a tym samym w przychodach ze sprzeda\u017cy. Sp\u00f3\u0142ka konsekwentnie realizuje za\u0142o\u017cenia d\u0142ugoterminowej strategii, zwi\u0105zanej z\u00a0utrzymaniem pozycji lidera na rynkach Europy Wschodniej i\u00a0\u015arodkowo Wschodniej. R\u00f3wnie skutecznie intensyfikuje swoje dzia\u0142ania na rynkach Europy Zachodniej, Ameryki i\u00a0Azji.<\/p>\n","protected":false},"author":1,"featured_media":0,"parent":40,"menu_order":20,"comment_status":"closed","ping_status":"closed","template":"","meta":[],"_links":{"self":[{"href":"https:\/\/csr2016.pcc-exol.eu\/en\/wp-json\/wp\/v2\/pages\/44"}],"collection":[{"href":"https:\/\/csr2016.pcc-exol.eu\/en\/wp-json\/wp\/v2\/pages"}],"about":[{"href":"https:\/\/csr2016.pcc-exol.eu\/en\/wp-json\/wp\/v2\/types\/page"}],"author":[{"embeddable":true,"href":"https:\/\/csr2016.pcc-exol.eu\/en\/wp-json\/wp\/v2\/users\/1"}],"replies":[{"embeddable":true,"href":"https:\/\/csr2016.pcc-exol.eu\/en\/wp-json\/wp\/v2\/comments?post=44"}],"version-history":[{"count":0,"href":"https:\/\/csr2016.pcc-exol.eu\/en\/wp-json\/wp\/v2\/pages\/44\/revisions"}],"up":[{"embeddable":true,"href":"https:\/\/csr2016.pcc-exol.eu\/en\/wp-json\/wp\/v2\/pages\/40"}],"wp:attachment":[{"href":"https:\/\/csr2016.pcc-exol.eu\/en\/wp-json\/wp\/v2\/media?parent=44"}],"curies":[{"name":"wp","href":"https:\/\/api.w.org\/{rel}","templated":true}]}}