{"id":40,"date":"2017-07-13T14:47:19","date_gmt":"2017-07-13T14:47:19","guid":{"rendered":"http:\/\/develop.name\/wykresy\/?page_id=40"},"modified":"2017-11-30T14:24:56","modified_gmt":"2017-11-30T14:24:56","slug":"o-nas","status":"publish","type":"page","link":"https:\/\/csr2016.pcc-exol.eu\/en\/o-nas\/","title":{"rendered":"O nas"},"content":{"rendered":"<p>Portfolio Sp\u00f3\u0142ki obejmuje produkty chemiczne, zar\u00f3wno o charakterze masowym, jak i specjalistycznym. W obr\u0119bie tych dw\u00f3ch grup produktowych oferujemy surfaktanty anionowe, kationowe, niejonowe, amfoteryczne oraz formulacje chemiczne do wielu aplikacji przemys\u0142owych. Jako producent zorientowany na indywidualne potrzeby klient\u00f3w poszukuj\u0105cych uniwersalnych i ekonomicznych sk\u0142adnik\u00f3w formulacji, Sp\u00f3\u0142ka stale rozbudowuje swoje portfolio produktowe.<\/p>\n","protected":false},"excerpt":{"rendered":"<p>Portfolio Sp\u00f3\u0142ki obejmuje produkty chemiczne, zar\u00f3wno o charakterze masowym, jak i specjalistycznym. W obr\u0119bie tych dw\u00f3ch grup produktowych oferujemy surfaktanty anionowe, kationowe, niejonowe, amfoteryczne oraz formulacje chemiczne do wielu aplikacji przemys\u0142owych. Jako producent zorientowany na indywidualne potrzeby klient\u00f3w poszukuj\u0105cych uniwersalnych i ekonomicznych sk\u0142adnik\u00f3w formulacji, Sp\u00f3\u0142ka stale rozbudowuje swoje portfolio produktowe.<\/p>\n","protected":false},"author":1,"featured_media":581,"parent":0,"menu_order":10,"comment_status":"closed","ping_status":"closed","template":"","meta":[],"_links":{"self":[{"href":"https:\/\/csr2016.pcc-exol.eu\/en\/wp-json\/wp\/v2\/pages\/40"}],"collection":[{"href":"https:\/\/csr2016.pcc-exol.eu\/en\/wp-json\/wp\/v2\/pages"}],"about":[{"href":"https:\/\/csr2016.pcc-exol.eu\/en\/wp-json\/wp\/v2\/types\/page"}],"author":[{"embeddable":true,"href":"https:\/\/csr2016.pcc-exol.eu\/en\/wp-json\/wp\/v2\/users\/1"}],"replies":[{"embeddable":true,"href":"https:\/\/csr2016.pcc-exol.eu\/en\/wp-json\/wp\/v2\/comments?post=40"}],"version-history":[{"count":0,"href":"https:\/\/csr2016.pcc-exol.eu\/en\/wp-json\/wp\/v2\/pages\/40\/revisions"}],"wp:featuredmedia":[{"embeddable":true,"href":"https:\/\/csr2016.pcc-exol.eu\/en\/wp-json\/wp\/v2\/media\/581"}],"wp:attachment":[{"href":"https:\/\/csr2016.pcc-exol.eu\/en\/wp-json\/wp\/v2\/media?parent=40"}],"curies":[{"name":"wp","href":"https:\/\/api.w.org\/{rel}","templated":true}]}}