{"id":136,"date":"2017-07-13T16:55:35","date_gmt":"2017-07-13T16:55:35","guid":{"rendered":"http:\/\/develop.name\/wykresy\/?page_id=136"},"modified":"2017-12-08T08:34:27","modified_gmt":"2017-12-08T08:34:27","slug":"raport","status":"publish","type":"page","link":"https:\/\/csr2016.pcc-exol.eu\/en\/raport\/","title":{"rendered":"Raport"},"content":{"rendered":"<p>Raport obejmuje okres od 01.01.2016 do 31.12.2016 roku i\u00a0zosta\u0142 przygotowany, zgodnie z\u00a0wytycznymi Global Reporting Initiative w\u00a0wersji GRI G4, na poziomie aplikacji CORE. Jest to ju\u017c trzecia edycja Raportu CSR Sp\u00f3\u0142ki, kt\u00f3ry zobowi\u0105zali\u015bmy si\u0119 publikowa\u0107 w\u00a0cyklu rocznym. Pierwsze wydanie Raportu powsta\u0142o w\u00a0grudniu 2014 roku, natomiast drugie wydanie opublikowali\u015bmy w grudniu 2015 roku.<\/p>\n","protected":false},"excerpt":{"rendered":"<p>Raport obejmuje okres od 01.01.2016 do 31.12.2016 roku i\u00a0zosta\u0142 przygotowany, zgodnie z\u00a0wytycznymi Global Reporting Initiative w\u00a0wersji GRI G4, na poziomie aplikacji CORE. Jest to ju\u017c trzecia edycja Raportu CSR Sp\u00f3\u0142ki, kt\u00f3ry zobowi\u0105zali\u015bmy si\u0119 publikowa\u0107 w\u00a0cyklu rocznym. Pierwsze wydanie Raportu powsta\u0142o w\u00a0grudniu 2014 roku, natomiast drugie wydanie opublikowali\u015bmy w grudniu 2015 roku.<\/p>\n","protected":false},"author":1,"featured_media":320,"parent":0,"menu_order":450,"comment_status":"closed","ping_status":"closed","template":"","meta":[],"_links":{"self":[{"href":"https:\/\/csr2016.pcc-exol.eu\/en\/wp-json\/wp\/v2\/pages\/136"}],"collection":[{"href":"https:\/\/csr2016.pcc-exol.eu\/en\/wp-json\/wp\/v2\/pages"}],"about":[{"href":"https:\/\/csr2016.pcc-exol.eu\/en\/wp-json\/wp\/v2\/types\/page"}],"author":[{"embeddable":true,"href":"https:\/\/csr2016.pcc-exol.eu\/en\/wp-json\/wp\/v2\/users\/1"}],"replies":[{"embeddable":true,"href":"https:\/\/csr2016.pcc-exol.eu\/en\/wp-json\/wp\/v2\/comments?post=136"}],"version-history":[{"count":0,"href":"https:\/\/csr2016.pcc-exol.eu\/en\/wp-json\/wp\/v2\/pages\/136\/revisions"}],"wp:featuredmedia":[{"embeddable":true,"href":"https:\/\/csr2016.pcc-exol.eu\/en\/wp-json\/wp\/v2\/media\/320"}],"wp:attachment":[{"href":"https:\/\/csr2016.pcc-exol.eu\/en\/wp-json\/wp\/v2\/media?parent=136"}],"curies":[{"name":"wp","href":"https:\/\/api.w.org\/{rel}","templated":true}]}}