{"id":134,"date":"2017-07-13T16:55:13","date_gmt":"2017-07-13T16:55:13","guid":{"rendered":"http:\/\/develop.name\/wykresy\/?page_id=134"},"modified":"2017-12-07T07:26:32","modified_gmt":"2017-12-07T07:26:32","slug":"dzialania-spoleczne","status":"publish","type":"page","link":"https:\/\/csr2016.pcc-exol.eu\/en\/spolecznosc-lokalna\/dzialania-spoleczne\/","title":{"rendered":"Dzia\u0142ania Spo\u0142eczne"},"content":{"rendered":"<p>Prowadzimy dzia\u0142alno\u015b\u0107 zar\u00f3wno na p\u0142aszczy\u017anie biznesowej, spo\u0142ecznej jak i charytatywnej. Do\u015bwiadczenie, posiadane zasoby oraz zaanga\u017cowanie wszystkich naszych pracownik\u00f3w, pozwala na wspieranie i organizowanie r\u00f3\u017cnego rodzaju inicjatyw na rzecz rozwoju biznesu oraz akcji dobroczynnych i wolontariatu. W ramach spo\u0142ecznej odpowiedzialno\u015bci biznesu wspieramy spo\u0142eczno\u015bci lokalne oraz anga\u017cujemy si\u0119 w szereg akcji spo\u0142eczno\u015bciowych promuj\u0105cych bezpiecze\u0144stwo, jak np. \u201ePrewencja, ale inaczej\u201d, finansuj\u0105c nagrody dla uczni\u00f3w szk\u00f3\u0142 podstawowych, czy wspieraj\u0105c akcje charytatywne.<\/p>\n","protected":false},"excerpt":{"rendered":"<p>Prowadzimy dzia\u0142alno\u015b\u0107 zar\u00f3wno na p\u0142aszczy\u017anie biznesowej, spo\u0142ecznej jak i charytatywnej. Do\u015bwiadczenie, posiadane zasoby oraz zaanga\u017cowanie wszystkich naszych pracownik\u00f3w, pozwala na wspieranie i organizowanie r\u00f3\u017cnego rodzaju inicjatyw na rzecz rozwoju biznesu oraz akcji dobroczynnych i wolontariatu. W ramach spo\u0142ecznej odpowiedzialno\u015bci biznesu wspieramy spo\u0142eczno\u015bci lokalne oraz anga\u017cujemy si\u0119 w szereg akcji spo\u0142eczno\u015bciowych promuj\u0105cych bezpiecze\u0144stwo, jak np. \u201ePrewencja, [&hellip;]<\/p>\n","protected":false},"author":1,"featured_media":0,"parent":130,"menu_order":440,"comment_status":"closed","ping_status":"closed","template":"","meta":[],"_links":{"self":[{"href":"https:\/\/csr2016.pcc-exol.eu\/en\/wp-json\/wp\/v2\/pages\/134"}],"collection":[{"href":"https:\/\/csr2016.pcc-exol.eu\/en\/wp-json\/wp\/v2\/pages"}],"about":[{"href":"https:\/\/csr2016.pcc-exol.eu\/en\/wp-json\/wp\/v2\/types\/page"}],"author":[{"embeddable":true,"href":"https:\/\/csr2016.pcc-exol.eu\/en\/wp-json\/wp\/v2\/users\/1"}],"replies":[{"embeddable":true,"href":"https:\/\/csr2016.pcc-exol.eu\/en\/wp-json\/wp\/v2\/comments?post=134"}],"version-history":[{"count":0,"href":"https:\/\/csr2016.pcc-exol.eu\/en\/wp-json\/wp\/v2\/pages\/134\/revisions"}],"up":[{"embeddable":true,"href":"https:\/\/csr2016.pcc-exol.eu\/en\/wp-json\/wp\/v2\/pages\/130"}],"wp:attachment":[{"href":"https:\/\/csr2016.pcc-exol.eu\/en\/wp-json\/wp\/v2\/media?parent=134"}],"curies":[{"name":"wp","href":"https:\/\/api.w.org\/{rel}","templated":true}]}}