{"id":120,"date":"2017-07-13T16:53:29","date_gmt":"2017-07-13T16:53:29","guid":{"rendered":"http:\/\/develop.name\/wykresy\/?page_id=120"},"modified":"2021-01-12T08:56:47","modified_gmt":"2021-01-12T08:56:47","slug":"bezpieczenstwo-klientow","status":"publish","type":"page","link":"https:\/\/csr2016.pcc-exol.eu\/en\/klienci\/bezpieczenstwo-klientow\/","title":{"rendered":"Bezpiecze\u0144stwo Klient\u00f3w"},"content":{"rendered":"<h3>Ocena wyp\u0142ywu na zdrowie i bezpiecze\u0144stwo prowadzona jest dla wszystkich produkt\u00f3w oferowanych przez Sp\u00f3\u0142k\u0119.\u00a0<a class=\"wpsal-anchor\" name=\"g4-pr1\" id=\"g4-pr1\"><\/a><\/h3>\n","protected":false},"excerpt":{"rendered":"<p>Ocena wyp\u0142ywu na zdrowie i bezpiecze\u0144stwo prowadzona jest dla wszystkich produkt\u00f3w oferowanych przez Sp\u00f3\u0142k\u0119.\u00a0<\/p>\n","protected":false},"author":1,"featured_media":0,"parent":116,"menu_order":370,"comment_status":"closed","ping_status":"closed","template":"","meta":[],"_links":{"self":[{"href":"https:\/\/csr2016.pcc-exol.eu\/en\/wp-json\/wp\/v2\/pages\/120"}],"collection":[{"href":"https:\/\/csr2016.pcc-exol.eu\/en\/wp-json\/wp\/v2\/pages"}],"about":[{"href":"https:\/\/csr2016.pcc-exol.eu\/en\/wp-json\/wp\/v2\/types\/page"}],"author":[{"embeddable":true,"href":"https:\/\/csr2016.pcc-exol.eu\/en\/wp-json\/wp\/v2\/users\/1"}],"replies":[{"embeddable":true,"href":"https:\/\/csr2016.pcc-exol.eu\/en\/wp-json\/wp\/v2\/comments?post=120"}],"version-history":[{"count":0,"href":"https:\/\/csr2016.pcc-exol.eu\/en\/wp-json\/wp\/v2\/pages\/120\/revisions"}],"up":[{"embeddable":true,"href":"https:\/\/csr2016.pcc-exol.eu\/en\/wp-json\/wp\/v2\/pages\/116"}],"wp:attachment":[{"href":"https:\/\/csr2016.pcc-exol.eu\/en\/wp-json\/wp\/v2\/media?parent=120"}],"curies":[{"name":"wp","href":"https:\/\/api.w.org\/{rel}","templated":true}]}}