{"id":104,"date":"2017-07-13T16:51:28","date_gmt":"2017-07-13T16:51:28","guid":{"rendered":"http:\/\/develop.name\/wykresy\/?page_id=104"},"modified":"2018-02-14T11:29:55","modified_gmt":"2018-02-14T11:29:55","slug":"metody-komunikacji","status":"publish","type":"page","link":"https:\/\/csr2016.pcc-exol.eu\/en\/interesariusze\/metody-komunikacji\/","title":{"rendered":"Metody komunikacji"},"content":{"rendered":"<h3>NASZ DIALOG Z INTERESARIUSZAMI\u00a0<a class=\"wpsal-anchor\" name=\"g4-26\" id=\"g4-26\"><\/a><\/h3>\n<p>Podstaw\u0105 naszego dialogu z interesariuszami sta\u0142y si\u0119 wyzwania spo\u0142eczne i \u015brodowiskowe wa\u017cne dla realizacji naszej strategii biznesowej. Doskonalimy istniej\u0105ce i sprawdzone kana\u0142y komunikacji z interesariuszami, uzupe\u0142niaj\u0105c je o nowe narz\u0119dzia i metody skutecznego dialogu. Dzi\u0119ki temu, jeste\u015bmy bardziej \u015bwiadomi oczekiwa\u0144 zwi\u0105zanych z nasz\u0105 Sp\u00f3\u0142k\u0105 i prowadzon\u0105 dzia\u0142alno\u015bci\u0105. Zdefiniowane oczekiwania w zestawieniu z trendami rynku surfaktant\u00f3w, nie tylko wskazuj\u0105 nam kierunek kszta\u0142towania strategii biznesowej w spos\u00f3b odpowiadaj\u0105cy potrzebom rynku, ale r\u00f3wnie\u017c pozwalaj\u0105 stawia\u0107 kolejne kroki w drodze do doskonalenia w zgodzie z przyj\u0119t\u0105 ide\u0105 Zr\u00f3wnowa\u017conego Rozwoju.<\/p>\n<h3>NASZE ZOBOWI\u0104ZANIE:<\/h3>\n<p>W 2017 roku wdro\u017cymy wytyczne standardu AA1000 w celu wzmocnienia wsp\u00f3\u0142pracy z Interesariuszami oraz budowania wi\u0119kszego zaufania do Sp\u00f3\u0142ki<\/p>\n<table>\n<thead>\n<tr>\n<th><\/th>\n<th>Pracownicy<\/th>\n<th>Klienci<\/th>\n<th>Dostawcy<\/th>\n<th>Akcjonariusze i\u00a0Inwestorzy<\/th>\n<th>Instytucje administracji pa\u0144stwowej<\/th>\n<th>Spo\u0142eczno\u015b\u0107 lokalna<\/th>\n<th>Nauka<\/th>\n<\/tr>\n<\/thead>\n<tbody>\n<tr>\n<td>Spotkania bezpo\u015brednie<\/td>\n<td class=\"etmoicon\">\u00a0<img loading=\"lazy\" class=\"aligncenter size-full wp-image-539\" src=\"http:\/\/csr2016.pcc-exol.eu\/wp-content\/uploads\/2017\/07\/do-tabeli_interesariusze-metody-komunikacji.jpg\" alt=\"\" width=\"27\" height=\"24\" \/><\/td>\n<td class=\"etmoicon\">\u00a0<img loading=\"lazy\" class=\"aligncenter size-full wp-image-539\" src=\"http:\/\/csr2016.pcc-exol.eu\/wp-content\/uploads\/2017\/07\/do-tabeli_interesariusze-metody-komunikacji.jpg\" alt=\"\" width=\"27\" height=\"24\" \/><\/td>\n<td class=\"etmoicon\">\u00a0<img loading=\"lazy\" class=\"aligncenter size-full wp-image-539\" src=\"http:\/\/csr2016.pcc-exol.eu\/wp-content\/uploads\/2017\/07\/do-tabeli_interesariusze-metody-komunikacji.jpg\" alt=\"\" width=\"27\" height=\"24\" \/><\/td>\n<td class=\"etmoicon\">\u00a0<img loading=\"lazy\" class=\"aligncenter size-full wp-image-539\" src=\"http:\/\/csr2016.pcc-exol.eu\/wp-content\/uploads\/2017\/07\/do-tabeli_interesariusze-metody-komunikacji.jpg\" alt=\"\" width=\"27\" height=\"24\" \/><\/td>\n<td class=\"etmoicon\">\u00a0<img loading=\"lazy\" class=\"aligncenter size-full wp-image-539\" src=\"http:\/\/csr2016.pcc-exol.eu\/wp-content\/uploads\/2017\/07\/do-tabeli_interesariusze-metody-komunikacji.jpg\" alt=\"\" width=\"27\" height=\"24\" \/><\/td>\n<td class=\"etmoicon\">\u00a0<img loading=\"lazy\" class=\"aligncenter size-full wp-image-539\" src=\"http:\/\/csr2016.pcc-exol.eu\/wp-content\/uploads\/2017\/07\/do-tabeli_interesariusze-metody-komunikacji.jpg\" alt=\"\" width=\"27\" height=\"24\" \/><\/td>\n<td class=\"etmoicon\"><img loading=\"lazy\" class=\"aligncenter size-full wp-image-539\" src=\"http:\/\/csr2016.pcc-exol.eu\/wp-content\/uploads\/2017\/07\/do-tabeli_interesariusze-metody-komunikacji.jpg\" alt=\"\" width=\"27\" height=\"24\" \/><\/td>\n<\/tr>\n<tr>\n<td>Intranet<\/td>\n<td class=\"etmoicon\">\u00a0<img loading=\"lazy\" class=\"aligncenter size-full wp-image-539\" src=\"http:\/\/csr2016.pcc-exol.eu\/wp-content\/uploads\/2017\/07\/do-tabeli_interesariusze-metody-komunikacji.jpg\" alt=\"\" width=\"27\" height=\"24\" \/><\/td>\n<td><\/td>\n<td><\/td>\n<td><\/td>\n<td><\/td>\n<td><\/td>\n<td><\/td>\n<\/tr>\n<tr>\n<td>Dni Otwarte<\/td>\n<td class=\"etmoicon\">\u00a0<img loading=\"lazy\" class=\"aligncenter size-full wp-image-539\" src=\"http:\/\/csr2016.pcc-exol.eu\/wp-content\/uploads\/2017\/07\/do-tabeli_interesariusze-metody-komunikacji.jpg\" alt=\"\" width=\"27\" height=\"24\" \/><\/td>\n<td><\/td>\n<td><\/td>\n<td class=\"etmoicon\">\u00a0<img loading=\"lazy\" class=\"aligncenter size-full wp-image-539\" src=\"http:\/\/csr2016.pcc-exol.eu\/wp-content\/uploads\/2017\/07\/do-tabeli_interesariusze-metody-komunikacji.jpg\" alt=\"\" width=\"27\" height=\"24\" \/><\/td>\n<td><\/td>\n<td class=\"etmoicon\">\u00a0<img loading=\"lazy\" class=\"aligncenter size-full wp-image-539\" src=\"http:\/\/csr2016.pcc-exol.eu\/wp-content\/uploads\/2017\/07\/do-tabeli_interesariusze-metody-komunikacji.jpg\" alt=\"\" width=\"27\" height=\"24\" \/><\/td>\n<td class=\"etmoicon\"><img loading=\"lazy\" class=\"aligncenter size-full wp-image-539\" src=\"http:\/\/csr2016.pcc-exol.eu\/wp-content\/uploads\/2017\/07\/do-tabeli_interesariusze-metody-komunikacji.jpg\" alt=\"\" width=\"27\" height=\"24\" \/><\/td>\n<\/tr>\n<tr>\n<td>Konferencje, szkolenia bran\u017cowe<\/td>\n<td class=\"etmoicon\"><img loading=\"lazy\" class=\"aligncenter size-full wp-image-539\" src=\"http:\/\/csr2016.pcc-exol.eu\/wp-content\/uploads\/2017\/07\/do-tabeli_interesariusze-metody-komunikacji.jpg\" alt=\"\" width=\"27\" height=\"24\" \/><\/td>\n<td class=\"etmoicon\"><img loading=\"lazy\" class=\"aligncenter size-full wp-image-539\" src=\"http:\/\/csr2016.pcc-exol.eu\/wp-content\/uploads\/2017\/07\/do-tabeli_interesariusze-metody-komunikacji.jpg\" alt=\"\" width=\"27\" height=\"24\" \/><\/td>\n<td class=\"etmoicon\"><img loading=\"lazy\" class=\"aligncenter size-full wp-image-539\" src=\"http:\/\/csr2016.pcc-exol.eu\/wp-content\/uploads\/2017\/07\/do-tabeli_interesariusze-metody-komunikacji.jpg\" alt=\"\" width=\"27\" height=\"24\" \/><\/td>\n<td><\/td>\n<td><\/td>\n<td><\/td>\n<td class=\"etmoicon\"><img loading=\"lazy\" class=\"aligncenter size-full wp-image-539\" src=\"http:\/\/csr2016.pcc-exol.eu\/wp-content\/uploads\/2017\/07\/do-tabeli_interesariusze-metody-komunikacji.jpg\" alt=\"\" width=\"27\" height=\"24\" \/><\/td>\n<\/tr>\n<tr>\n<td>Audyty, inspekcje<\/td>\n<td class=\"etmoicon\"><img loading=\"lazy\" class=\"aligncenter size-full wp-image-539\" src=\"http:\/\/csr2016.pcc-exol.eu\/wp-content\/uploads\/2017\/07\/do-tabeli_interesariusze-metody-komunikacji.jpg\" alt=\"\" width=\"27\" height=\"24\" \/><\/td>\n<td class=\"etmoicon\"><img loading=\"lazy\" class=\"aligncenter size-full wp-image-539\" src=\"http:\/\/csr2016.pcc-exol.eu\/wp-content\/uploads\/2017\/07\/do-tabeli_interesariusze-metody-komunikacji.jpg\" alt=\"\" width=\"27\" height=\"24\" \/><\/td>\n<td class=\"etmoicon\"><img loading=\"lazy\" class=\"aligncenter size-full wp-image-539\" src=\"http:\/\/csr2016.pcc-exol.eu\/wp-content\/uploads\/2017\/07\/do-tabeli_interesariusze-metody-komunikacji.jpg\" alt=\"\" width=\"27\" height=\"24\" \/><\/td>\n<td><\/td>\n<td class=\"etmoicon\"><img loading=\"lazy\" class=\"aligncenter size-full wp-image-539\" src=\"http:\/\/csr2016.pcc-exol.eu\/wp-content\/uploads\/2017\/07\/do-tabeli_interesariusze-metody-komunikacji.jpg\" alt=\"\" width=\"27\" height=\"24\" \/><\/td>\n<td><\/td>\n<td><\/td>\n<\/tr>\n<tr>\n<td>Telefon, email<\/td>\n<td class=\"etmoicon\"><img loading=\"lazy\" class=\"aligncenter size-full wp-image-539\" src=\"http:\/\/csr2016.pcc-exol.eu\/wp-content\/uploads\/2017\/07\/do-tabeli_interesariusze-metody-komunikacji.jpg\" alt=\"\" width=\"27\" height=\"24\" \/><\/td>\n<td class=\"etmoicon\"><img loading=\"lazy\" class=\"aligncenter size-full wp-image-539\" src=\"http:\/\/csr2016.pcc-exol.eu\/wp-content\/uploads\/2017\/07\/do-tabeli_interesariusze-metody-komunikacji.jpg\" alt=\"\" width=\"27\" height=\"24\" \/><\/td>\n<td class=\"etmoicon\"><img loading=\"lazy\" class=\"aligncenter size-full wp-image-539\" src=\"http:\/\/csr2016.pcc-exol.eu\/wp-content\/uploads\/2017\/07\/do-tabeli_interesariusze-metody-komunikacji.jpg\" alt=\"\" width=\"27\" height=\"24\" \/><\/td>\n<td class=\"etmoicon\"><img loading=\"lazy\" class=\"aligncenter size-full wp-image-539\" src=\"http:\/\/csr2016.pcc-exol.eu\/wp-content\/uploads\/2017\/07\/do-tabeli_interesariusze-metody-komunikacji.jpg\" alt=\"\" width=\"27\" height=\"24\" \/><\/td>\n<td class=\"etmoicon\"><img loading=\"lazy\" class=\"aligncenter size-full wp-image-539\" src=\"http:\/\/csr2016.pcc-exol.eu\/wp-content\/uploads\/2017\/07\/do-tabeli_interesariusze-metody-komunikacji.jpg\" alt=\"\" width=\"27\" height=\"24\" \/><\/td>\n<td class=\"etmoicon\"><img loading=\"lazy\" class=\"aligncenter size-full wp-image-539\" src=\"http:\/\/csr2016.pcc-exol.eu\/wp-content\/uploads\/2017\/07\/do-tabeli_interesariusze-metody-komunikacji.jpg\" alt=\"\" width=\"27\" height=\"24\" \/><\/td>\n<td class=\"etmoicon\"><img loading=\"lazy\" class=\"aligncenter size-full wp-image-539\" src=\"http:\/\/csr2016.pcc-exol.eu\/wp-content\/uploads\/2017\/07\/do-tabeli_interesariusze-metody-komunikacji.jpg\" alt=\"\" width=\"27\" height=\"24\" \/><\/td>\n<\/tr>\n<tr>\n<td>Internet, Prasa, TV<\/td>\n<td><\/td>\n<td class=\"etmoicon\"><img loading=\"lazy\" class=\"aligncenter size-full wp-image-539\" src=\"http:\/\/csr2016.pcc-exol.eu\/wp-content\/uploads\/2017\/07\/do-tabeli_interesariusze-metody-komunikacji.jpg\" alt=\"\" width=\"27\" height=\"24\" \/><\/td>\n<td class=\"etmoicon\"><img loading=\"lazy\" class=\"aligncenter size-full wp-image-539\" src=\"http:\/\/csr2016.pcc-exol.eu\/wp-content\/uploads\/2017\/07\/do-tabeli_interesariusze-metody-komunikacji.jpg\" alt=\"\" width=\"27\" height=\"24\" \/><\/td>\n<td><\/td>\n<td><\/td>\n<td class=\"etmoicon\"><img loading=\"lazy\" class=\"aligncenter size-full wp-image-539\" src=\"http:\/\/csr2016.pcc-exol.eu\/wp-content\/uploads\/2017\/07\/do-tabeli_interesariusze-metody-komunikacji.jpg\" alt=\"\" width=\"27\" height=\"24\" \/><\/td>\n<td><\/td>\n<\/tr>\n<tr>\n<td>Media spo\u0142eczno\u015bciowe<\/td>\n<td><\/td>\n<td class=\"etmoicon\"><img loading=\"lazy\" class=\"aligncenter size-full wp-image-539\" src=\"http:\/\/csr2016.pcc-exol.eu\/wp-content\/uploads\/2017\/07\/do-tabeli_interesariusze-metody-komunikacji.jpg\" alt=\"\" width=\"27\" height=\"24\" \/><\/td>\n<td><\/td>\n<td><\/td>\n<td><\/td>\n<td class=\"etmoicon\"><img loading=\"lazy\" class=\"aligncenter size-full wp-image-539\" src=\"http:\/\/csr2016.pcc-exol.eu\/wp-content\/uploads\/2017\/07\/do-tabeli_interesariusze-metody-komunikacji.jpg\" alt=\"\" width=\"27\" height=\"24\" \/><\/td>\n<td><\/td>\n<\/tr>\n<tr>\n<td>Biuletyn Informacyjny<\/td>\n<td class=\"etmoicon\"><img loading=\"lazy\" class=\"aligncenter size-full wp-image-539\" src=\"http:\/\/csr2016.pcc-exol.eu\/wp-content\/uploads\/2017\/07\/do-tabeli_interesariusze-metody-komunikacji.jpg\" alt=\"\" width=\"27\" height=\"24\" \/><\/td>\n<td class=\"etmoicon\"><img loading=\"lazy\" class=\"aligncenter size-full wp-image-539\" src=\"http:\/\/csr2016.pcc-exol.eu\/wp-content\/uploads\/2017\/07\/do-tabeli_interesariusze-metody-komunikacji.jpg\" alt=\"\" width=\"27\" height=\"24\" \/><\/td>\n<td class=\"etmoicon\"><img loading=\"lazy\" class=\"aligncenter size-full wp-image-539\" src=\"http:\/\/csr2016.pcc-exol.eu\/wp-content\/uploads\/2017\/07\/do-tabeli_interesariusze-metody-komunikacji.jpg\" alt=\"\" width=\"27\" height=\"24\" \/><\/td>\n<td class=\"etmoicon\"><img loading=\"lazy\" class=\"aligncenter size-full wp-image-539\" src=\"http:\/\/csr2016.pcc-exol.eu\/wp-content\/uploads\/2017\/07\/do-tabeli_interesariusze-metody-komunikacji.jpg\" alt=\"\" width=\"27\" height=\"24\" \/><\/td>\n<td><\/td>\n<td class=\"etmoicon\"><img loading=\"lazy\" class=\"aligncenter size-full wp-image-539\" src=\"http:\/\/csr2016.pcc-exol.eu\/wp-content\/uploads\/2017\/07\/do-tabeli_interesariusze-metody-komunikacji.jpg\" alt=\"\" width=\"27\" height=\"24\" \/><\/td>\n<td><\/td>\n<\/tr>\n<\/tbody>\n<\/table>\n<p>&nbsp;<\/p>\n","protected":false},"excerpt":{"rendered":"<p>NASZ DIALOG Z INTERESARIUSZAMI\u00a0 Podstaw\u0105 naszego dialogu z interesariuszami sta\u0142y si\u0119 wyzwania spo\u0142eczne i \u015brodowiskowe wa\u017cne dla realizacji naszej strategii biznesowej. Doskonalimy istniej\u0105ce i sprawdzone kana\u0142y komunikacji z interesariuszami, uzupe\u0142niaj\u0105c je o nowe narz\u0119dzia i metody skutecznego dialogu. Dzi\u0119ki temu, jeste\u015bmy bardziej \u015bwiadomi oczekiwa\u0144 zwi\u0105zanych z nasz\u0105 Sp\u00f3\u0142k\u0105 i prowadzon\u0105 dzia\u0142alno\u015bci\u0105. Zdefiniowane oczekiwania w zestawieniu [&hellip;]<\/p>\n","protected":false},"author":1,"featured_media":0,"parent":100,"menu_order":290,"comment_status":"closed","ping_status":"closed","template":"","meta":[],"_links":{"self":[{"href":"https:\/\/csr2016.pcc-exol.eu\/en\/wp-json\/wp\/v2\/pages\/104"}],"collection":[{"href":"https:\/\/csr2016.pcc-exol.eu\/en\/wp-json\/wp\/v2\/pages"}],"about":[{"href":"https:\/\/csr2016.pcc-exol.eu\/en\/wp-json\/wp\/v2\/types\/page"}],"author":[{"embeddable":true,"href":"https:\/\/csr2016.pcc-exol.eu\/en\/wp-json\/wp\/v2\/users\/1"}],"replies":[{"embeddable":true,"href":"https:\/\/csr2016.pcc-exol.eu\/en\/wp-json\/wp\/v2\/comments?post=104"}],"version-history":[{"count":0,"href":"https:\/\/csr2016.pcc-exol.eu\/en\/wp-json\/wp\/v2\/pages\/104\/revisions"}],"up":[{"embeddable":true,"href":"https:\/\/csr2016.pcc-exol.eu\/en\/wp-json\/wp\/v2\/pages\/100"}],"wp:attachment":[{"href":"https:\/\/csr2016.pcc-exol.eu\/en\/wp-json\/wp\/v2\/media?parent=104"}],"curies":[{"name":"wp","href":"https:\/\/api.w.org\/{rel}","templated":true}]}}